{"id":17,"date":"2026-02-21T15:25:15","date_gmt":"2026-02-21T15:25:15","guid":{"rendered":"https:\/\/www.auranox.fr\/?post_type=product&#038;p=17"},"modified":"2026-04-14T08:51:05","modified_gmt":"2026-04-14T08:51:05","slug":"je-te-vaincrai","status":"publish","type":"product","link":"https:\/\/www.auranox.fr\/?product=je-te-vaincrai","title":{"rendered":"Je te vaincrai"},"content":{"rendered":"<p><em><strong><span class=\"a-text-bold\">Certains combats ne se gagnent pas sur un ring.<\/span><\/strong><\/em><\/p>\n<p>Par soif de prouver sa valeur et d\u00e9termin\u00e9 \u00e0 \u00e9chapper \u00e0 un pass\u00e9 de violence, Ryan, un ancien ado des rues, a mis toute sa rage de vivre dans la boxe. Avec le temps, il est devenu redoutable, mais un seul homme le hante sur le ring : Jake Rosenfield, un champion aussi \u00e9nigmatique qu&rsquo;impassible, dont le flegme exasp\u00e8re Ryan. Leur rivalit\u00e9 est f\u00e9roce, les poussant \u00e0 leurs limites.<\/p>\n<p>Alors qu&rsquo;un championnat d\u00e9cisif pour le titre mondial se profile, les enjeux d\u00e9passent largement l&rsquo;ar\u00e8ne. Les ombres d&rsquo;une guerre de gangs surgissent, mena\u00e7ant de ramener Ryan au c\u0153ur du chaos qu&rsquo;il a fui et de mettre en p\u00e9ril ceux qu&rsquo;il cherche \u00e0 prot\u00e9ger.<\/p>\n<p>Pris entre les coups du destin, les dangers de la rue et ce lien troublant qui les unit, Ryan et Jake devront affronter leurs propres d\u00e9mons.<\/p>\n<p>Dans ce combat pour un titre, pour leur survie, et pour une v\u00e9rit\u00e9 qu&rsquo;ils ne peuvent plus ignorer, qui sortira vraiment vainqueur ?<\/p>\n<p><em>Une romance MM<strong><span class=\"a-text-bold\">\u00a0enemies-to-lovers<\/span>\u00a0<\/strong>intense et addictive, m\u00ealant\u00a0<strong><span class=\"a-text-bold\">rivalit\u00e9 sportive<\/span><\/strong>, tension sexuelle\u00a0<strong><span class=\"a-text-bold\">slow burn<\/span><\/strong>\u00a0mais explosive, trauma, r\u00e9demption et danger permanent. Pour les lecteurs qui aiment les histoires\u00a0<strong><span class=\"a-text-bold\">sombres<\/span><\/strong>, les h\u00e9ros bris\u00e9s, les coups du sort et les<span class=\"a-text-bold\">\u00a0<strong>passions<\/strong><\/span><strong>\u00a0<\/strong>qui consument tout.<\/em><\/p>\n","protected":false},"excerpt":{"rendered":"<p>Par soif de prouver sa valeur et d\u00e9termin\u00e9 \u00e0 \u00e9chapper \u00e0 un pass\u00e9 de violence, Ryan, un ancien ado des rues, a mis toute sa rage de vivre dans la boxe. Avec le temps, il est devenu redoutable, mais un seul homme le hante sur le ring : Jake Rosenfield, un champion aussi \u00e9nigmatique qu&rsquo;impassible, dont le flegme exasp\u00e8re Ryan. Leur rivalit\u00e9 est f\u00e9roce, les poussant \u00e0 leurs limites.<\/p>\n<p>Alors qu&rsquo;un championnat d\u00e9cisif pour le titre mondial se profile, les enjeux d\u00e9passent largement l&rsquo;ar\u00e8ne. Les ombres d&rsquo;une guerre de gangs surgissent, mena\u00e7ant de ramener Ryan au c\u0153ur du chaos qu&rsquo;il a fui et de mettre en p\u00e9ril ceux qu&rsquo;il cherche \u00e0 prot\u00e9ger.<\/p>\n<p>Pris entre les coups du destin, les dangers de la rue et ce lien troublant qui les unit, Ryan et Jake devront affronter leurs propres d\u00e9mons.<\/p>\n<p>Dans ce combat pour un titre, pour leur survie, et pour une v\u00e9rit\u00e9 qu&rsquo;ils ne peuvent plus ignorer, qui sortira vraiment vainqueur ?<\/p>\n","protected":false},"featured_media":147,"template":"","meta":[],"product_brand":[],"product_cat":[26],"product_tag":[19,18,20,17,21],"class_list":{"0":"post-17","1":"product","2":"type-product","3":"status-publish","4":"has-post-thumbnail","6":"product_cat-romance-mm","7":"product_tag-enemies-to-lovers","8":"product_tag-homoromance","9":"product_tag-rivals","10":"product_tag-romance-mm","11":"product_tag-slow-burn","13":"first","14":"instock","15":"shipping-taxable","16":"purchasable","17":"product-type-simple"},"jetpack_sharing_enabled":true,"_links":{"self":[{"href":"https:\/\/www.auranox.fr\/index.php?rest_route=\/wp\/v2\/product\/17","targetHints":{"allow":["GET"]}}],"collection":[{"href":"https:\/\/www.auranox.fr\/index.php?rest_route=\/wp\/v2\/product"}],"about":[{"href":"https:\/\/www.auranox.fr\/index.php?rest_route=\/wp\/v2\/types\/product"}],"wp:featuredmedia":[{"embeddable":true,"href":"https:\/\/www.auranox.fr\/index.php?rest_route=\/wp\/v2\/media\/147"}],"wp:attachment":[{"href":"https:\/\/www.auranox.fr\/index.php?rest_route=%2Fwp%2Fv2%2Fmedia&parent=17"}],"wp:term":[{"taxonomy":"product_brand","embeddable":true,"href":"https:\/\/www.auranox.fr\/index.php?rest_route=%2Fwp%2Fv2%2Fproduct_brand&post=17"},{"taxonomy":"product_cat","embeddable":true,"href":"https:\/\/www.auranox.fr\/index.php?rest_route=%2Fwp%2Fv2%2Fproduct_cat&post=17"},{"taxonomy":"product_tag","embeddable":true,"href":"https:\/\/www.auranox.fr\/index.php?rest_route=%2Fwp%2Fv2%2Fproduct_tag&post=17"}],"curies":[{"name":"wp","href":"https:\/\/api.w.org\/{rel}","templated":true}]}}